{"id":13,"date":"2021-10-05T12:52:00","date_gmt":"2021-10-05T10:52:00","guid":{"rendered":"http:\/\/balere.net\/?page_id=13"},"modified":"2022-04-26T10:50:34","modified_gmt":"2022-04-26T08:50:34","slug":"about","status":"publish","type":"page","link":"http:\/\/balere.net\/","title":{"rendered":"D\u00e9veloppement de solutions informatique de gestion des d\u00e9chets."},"content":{"rendered":"\n<h2>D\u00e9veloppement de solutions informatiques de gestion des d\u00e9chets.<\/h2>\n\n\n<p>Depuis 1997, nous sommes sp\u00e9cialis\u00e9s dans le d\u00e9veloppement de solutions informatiques li\u00e9s \u00e0 la gestion des d\u00e9chets. Nous proposons toute une gamme de programmes permettant aux collectivit\u00e9s et aux prestataires de g\u00e9rer :<\/p>\n<ul>\n<li>Le parc de bacs, et leur maintenance<\/li>\n<li>La facturation (Redevance sp\u00e9ciale, incitative, TEOMI, &#8230;)<\/li>\n<li>Les acc\u00e8s en d\u00e9ch\u00e8terie<\/li>\n<li>La facturation des acc\u00e8s en d\u00e9ch\u00e8terie<\/li>\n<li>Les bornes d&#8217;apport volontaire, et leur maintenance.<\/li>\n<li>La distribution des sacs<\/li>\n<li>Enqu\u00eates en porte \u00e0 porte ou via Internet<\/li>\n<li>La distribution massive de bacs<\/li>\n<\/ul>\n\n\n<h2>Nous contacter<\/h2>\n\n\n\n<p>Pour toute information, vous pouvez nous contacter <br>Par t\u00e9l\u00e9phone au 06.98.83.31.82<br>Ou par email \u00e0 l&#8217;adresse : gbalere@balere.fr<\/p>\n\n\n\n<p>SARL BALERE<br>10 All\u00e9e des Cannas<br>37270 MONTLOUIS SUR LOIRE<\/p>\n","protected":false},"excerpt":{"rendered":"<p>D\u00e9veloppement de solutions informatiques de gestion des d\u00e9chets. Depuis 1997, nous sommes sp\u00e9cialis\u00e9s dans le d\u00e9veloppement de solutions informatiques li\u00e9s \u00e0 la gestion des d\u00e9chets. Nous proposons toute une gamme de programmes permettant aux collectivit\u00e9s et aux prestataires de g\u00e9rer : Le parc de bacs, et leur maintenance La facturation (Redevance sp\u00e9ciale, incitative, TEOMI, &#8230;) &hellip; <\/p>\n<p class=\"link-more\"><a href=\"http:\/\/balere.net\/\" class=\"more-link\">Continue reading<span class=\"screen-reader-text\"> &#8220;D\u00e9veloppement de solutions informatique de gestion des d\u00e9chets.&#8221;<\/span><\/a><\/p>\n","protected":false},"author":1,"featured_media":0,"parent":0,"menu_order":0,"comment_status":"closed","ping_status":"closed","template":"","meta":[],"_links":{"self":[{"href":"http:\/\/balere.net\/index.php\/wp-json\/wp\/v2\/pages\/13"}],"collection":[{"href":"http:\/\/balere.net\/index.php\/wp-json\/wp\/v2\/pages"}],"about":[{"href":"http:\/\/balere.net\/index.php\/wp-json\/wp\/v2\/types\/page"}],"author":[{"embeddable":true,"href":"http:\/\/balere.net\/index.php\/wp-json\/wp\/v2\/users\/1"}],"replies":[{"embeddable":true,"href":"http:\/\/balere.net\/index.php\/wp-json\/wp\/v2\/comments?post=13"}],"version-history":[{"count":5,"href":"http:\/\/balere.net\/index.php\/wp-json\/wp\/v2\/pages\/13\/revisions"}],"predecessor-version":[{"id":28,"href":"http:\/\/balere.net\/index.php\/wp-json\/wp\/v2\/pages\/13\/revisions\/28"}],"wp:attachment":[{"href":"http:\/\/balere.net\/index.php\/wp-json\/wp\/v2\/media?parent=13"}],"curies":[{"name":"wp","href":"https:\/\/api.w.org\/{rel}","templated":true}]}}